{"id":14,"date":"2015-04-29T15:36:22","date_gmt":"2015-04-29T14:36:22","guid":{"rendered":"http:\/\/www.amourxxl.com\/?page_id=14"},"modified":"2025-01-10T18:24:50","modified_gmt":"2025-01-10T17:24:50","slug":"statistiques","status":"publish","type":"page","link":"https:\/\/www.amourxxl.com\/?page_id=14","title":{"rendered":"Le surpoids dans le monde: quelques statistiques&#8230;"},"content":{"rendered":"<h1 style=\"text-align: justify;\">Aujourd&rsquo;hui, le surpoids concernerait entre 1,5 et 2 milliards de personnes dans le monde. L&rsquo;ob\u00e9sit\u00e9 est le mal du si\u00e8cle. D&rsquo;ici 2030, ce chiffre devrait atteindre les 3 milliards.<\/h1>\n<h1 style=\"text-align: justify;\"><img loading=\"lazy\" decoding=\"async\" class=\"wp-image-134 size-full alignright\" src=\"https:\/\/www.amourxxl.com\/wp-content\/uploads\/ventre-rond.jpg\" alt=\"ventre-rond\" width=\"160\" height=\"108\" \/><\/h1>\n<p style=\"text-align: justify;\">Cette augmentation touche indiff\u00e9remment les pays riches comme les pays plus pauvres. En t\u00eate des pays les plus touch\u00e9s par l&rsquo;ob\u00e9sit\u00e9, on retrouve les Etats-Unis (1 adulte sur 3), la Grande Bretagne (1 adulte sur 4), le Mexique (o\u00f9 l&rsquo;on consomme 163 litres de sodas par an), ou encore les pays du Golfe (Arabie Saoudite et Kowe\u00eft par exemple)&#8230; Le record absolu, en mati\u00e8re d&rsquo;ob\u00e9sit\u00e9, est d\u00e9tenu par les Iles Samoa, situ\u00e9es dans le Pacifique, o\u00f9 69% des femmes sont touch\u00e9es.<\/p>\n<h2>L&rsquo;ob\u00e9sit\u00e9 est li\u00e9e \u00e0 la fois \u00e0 ce qu&rsquo;on appelle la malbouffe et \u00e0 la s\u00e9dentarit\u00e9&#8230;<\/h2>\n<p>Il est vrai que dans certains pays, comme les Etats-Unis, il est difficile de se procurer des produits alimentaires sains, de qualit\u00e9 et non transform\u00e9s. De plus, les gens sont nombreux \u00e0 travailler dans les m\u00e9tiers du tertiaire et par voie de cons\u00e9quences, ils restent assis sur une chaise de bureau toute la journ\u00e9e, ce qui limite la d\u00e9pense physique.<\/p>\n<p style=\"text-align: justify;\"><img loading=\"lazy\" decoding=\"async\" class=\"wp-image-198 size-thumbnail alignleft\" src=\"https:\/\/www.amourxxl.com\/wp-content\/uploads\/ne-lui-donne-jamais-320x320.jpg\" alt=\"Ne donne jamais \u00e0 ta femme l'impression d'\u00eatre rejet\u00e9e ou ignor\u00e9e!\" width=\"320\" height=\"320\" \/>La France, quant \u00e0 elle, se situe dans la moyenne europ\u00e9enne&#8230; Il y aurait 6,5 millions de personnes consid\u00e9r\u00e9es comme ob\u00e8ses en France (soit environ 15% de la population adulte) et plus largement, un\u00a0fran\u00e7ais sur deux seraient en situation de surpoids.<br \/>\nCe pourcentage semble \u00e9galement plus \u00e9lev\u00e9 chez les seniors.<\/p>\n<p style=\"text-align: justify;\">La bonne nouvelle, c&rsquo;est que, selon une \u00e9tude am\u00e9ricaine datant de 2016, 48% des hommes se d\u00e9clarent attir\u00e9s, surtout par les femmes \u00ab\u00a0curvy\u00a0\u00bb (comprenez \u00ab\u00a0ronde, envelopp\u00e9, avec des formes\u00a0\u00bb). A titre de comparaison, seulement 3.8% de la gente masculine d\u00e9clare avoir une pr\u00e9f\u00e9rence pour les femmes athl\u00e9tiques\/muscl\u00e9es.<br \/>\nA l&rsquo;inverse, le \u00ab\u00a0dad boy\u00a0\u00bb, l\u00e9g\u00e8rement bedonnant, est \u00e9galement tr\u00e8s populaire avec 42% de pr\u00e9f\u00e9rences chez les femmes h\u00e9t\u00e9ros.<\/p>\n","protected":false},"excerpt":{"rendered":"<p>Aujourd&rsquo;hui, le surpoids concernerait entre 1,5 et 2 milliards de personnes dans le monde. L&rsquo;ob\u00e9sit\u00e9 est le mal du si\u00e8cle. D&rsquo;ici 2030, ce chiffre devrait atteindre les 3 milliards. Cette augmentation touche indiff\u00e9remment les pays riches comme les pays plus pauvres. En t\u00eate des pays les plus touch\u00e9s par l&rsquo;ob\u00e9sit\u00e9, on retrouve les Etats-Unis (1 [&hellip;]<br \/><a href=\"https:\/\/www.amourxxl.com\/?page_id=14\" class=\"more-link\" >Continue reading&#8230;<\/a><\/p>\n","protected":false},"author":1,"featured_media":0,"parent":0,"menu_order":4,"comment_status":"closed","ping_status":"closed","template":"","meta":{"footnotes":""},"class_list":["post-14","page","type-page","status-publish","hentry"],"_links":{"self":[{"href":"https:\/\/www.amourxxl.com\/index.php?rest_route=\/wp\/v2\/pages\/14","targetHints":{"allow":["GET"]}}],"collection":[{"href":"https:\/\/www.amourxxl.com\/index.php?rest_route=\/wp\/v2\/pages"}],"about":[{"href":"https:\/\/www.amourxxl.com\/index.php?rest_route=\/wp\/v2\/types\/page"}],"author":[{"embeddable":true,"href":"https:\/\/www.amourxxl.com\/index.php?rest_route=\/wp\/v2\/users\/1"}],"replies":[{"embeddable":true,"href":"https:\/\/www.amourxxl.com\/index.php?rest_route=%2Fwp%2Fv2%2Fcomments&post=14"}],"version-history":[{"count":29,"href":"https:\/\/www.amourxxl.com\/index.php?rest_route=\/wp\/v2\/pages\/14\/revisions"}],"predecessor-version":[{"id":376,"href":"https:\/\/www.amourxxl.com\/index.php?rest_route=\/wp\/v2\/pages\/14\/revisions\/376"}],"wp:attachment":[{"href":"https:\/\/www.amourxxl.com\/index.php?rest_route=%2Fwp%2Fv2%2Fmedia&parent=14"}],"curies":[{"name":"wp","href":"https:\/\/api.w.org\/{rel}","templated":true}]}}